{"id":1005,"date":"2019-01-23T17:46:18","date_gmt":"2019-01-23T14:46:18","guid":{"rendered":"https:\/\/www.mtmsuaritma.com.tr\/banka-hesap-numaralarimiz\/"},"modified":"2021-05-24T04:07:45","modified_gmt":"2021-05-24T01:07:45","slug":"bank-accounts","status":"publish","type":"page","link":"https:\/\/www.mtmsuaritma.com.tr\/en\/bank-accounts\/","title":{"rendered":"Bank Accounts"},"content":{"rendered":"<div class=\"vc_row wpb_row vc_row-fluid tm-row-textcolor-default tm-row-bgtype-default tm-custom-18118\"><div class=\"tm-bg-overlay\"><\/div><!-- ThemeMount custom DIV added --><div class=\"wpb_column vc_column_container vc_col-sm-4 \"><div class=\"vc_column-inner \"><div class=\"wpb_wrapper\">\n\t<div  class=\"wpb_single_image wpb_content_element vc_align_left\">\n\t\t\n\t\t<figure class=\"wpb_wrapper vc_figure\">\n\t\t\t<div class=\"vc_single_image-wrapper   vc_box_border_grey\"><img width=\"286\" height=\"145\" src=\"https:\/\/www.mtmsuaritma.com.tr\/wp-content\/uploads\/2019\/01\/garanti-bankasi.png\" class=\"vc_single_image-img attachment-full\" alt=\"\" loading=\"lazy\" data-id=\"815\" \/><\/div>\n\t\t<\/figure>\n\t<\/div>\n<\/div><\/div><\/div><div class=\"wpb_column vc_column_container vc_col-sm-8 \"><div class=\"vc_column-inner \"><div class=\"wpb_wrapper\">\n\t<div class=\"wpb_text_column wpb_content_element \" >\n\t\t<div class=\"wpb_wrapper\">\n\t\t\t<table border=\"0\" frame=\"VOID\" rules=\"NONE\" cellspacing=\"0\">\n<colgroup>\n<col width=\"86\" \/>\n<col width=\"416\" \/><\/colgroup>\n<tbody>\n<tr>\n<td align=\"LEFT\" width=\"86\" height=\"15\"><b><span style=\"color: #000000;\">Bank:<\/span><\/b><\/td>\n<td align=\"LEFT\" width=\"416\"><span style=\"color: #000000;\">Garanti Bankas\u0131 &#8211; TL<\/span><\/td>\n<\/tr>\n<tr>\n<td align=\"LEFT\" height=\"15\"><b><span style=\"color: #000000;\">Account Name:\u00a0<\/span><\/b><\/td>\n<td align=\"LEFT\"><span style=\"color: #000000;\">MTM End\u00fcstriyel Su Ar\u0131tma ve Proje Uyg. Sist. San. Tic. Ltd. \u015eti.<\/span><\/td>\n<\/tr>\n<tr>\n<td align=\"LEFT\" height=\"15\"><b><span style=\"color: #000000;\">Branch:<\/span><\/b><\/td>\n<td align=\"LEFT\"><span style=\"color: #000000;\">1528\u00a0 &#8211; Avc\u0131lar E5<\/span><\/td>\n<\/tr>\n<tr>\n<td align=\"LEFT\" height=\"15\"><b><span style=\"color: #000000;\">Account No:<\/span><\/b><\/td>\n<td align=\"LEFT\"><span style=\"color: #000000;\">6299668<\/span><\/td>\n<\/tr>\n<tr>\n<td align=\"LEFT\" height=\"15\"><b><span style=\"color: #000000;\">IBAN No:<\/span><\/b><\/td>\n<td align=\"LEFT\"><span style=\"color: #000000;\">TR25-0006-2001-5280-0006-2996-68<\/span><\/td>\n<\/tr>\n<\/tbody>\n<\/table>\n\n\t\t<\/div>\n\t<\/div>\n<\/div><\/div><\/div><\/div>\r\n\r\n\r\n<!-- ThemeMount custom CSS - Start -->\r\n\r\n\r\n\r\n<!-- Patch: This is to remove the closing <\/p> tag which appear dynamically -->\r\n<div class=\"tm-last-div-in-row\"><\/div>\r\n<div class=\"vc_row wpb_row vc_row-fluid tm-row-textcolor-default tm-row-bgtype-default tm-custom-62442\"><div class=\"tm-bg-overlay\"><\/div><!-- ThemeMount custom DIV added --><div class=\"wpb_column vc_column_container vc_col-sm-4 \"><div class=\"vc_column-inner \"><div class=\"wpb_wrapper\">\n\t<div  class=\"wpb_single_image wpb_content_element vc_align_left\">\n\t\t\n\t\t<figure class=\"wpb_wrapper vc_figure\">\n\t\t\t<div class=\"vc_single_image-wrapper   vc_box_border_grey\"><img width=\"286\" height=\"145\" src=\"https:\/\/www.mtmsuaritma.com.tr\/wp-content\/uploads\/2019\/01\/yakikredi-bankasi.png\" class=\"vc_single_image-img attachment-full\" alt=\"\" loading=\"lazy\" data-id=\"814\" \/><\/div>\n\t\t<\/figure>\n\t<\/div>\n<\/div><\/div><\/div><div class=\"wpb_column vc_column_container vc_col-sm-8 \"><div class=\"vc_column-inner \"><div class=\"wpb_wrapper\">\n\t<div class=\"wpb_text_column wpb_content_element \" >\n\t\t<div class=\"wpb_wrapper\">\n\t\t\t<table border=\"0\" frame=\"VOID\" rules=\"NONE\" cellspacing=\"0\">\n<colgroup>\n<col width=\"86\" \/>\n<col width=\"416\" \/><\/colgroup>\n<tbody>\n<tr>\n<td align=\"LEFT\" width=\"86\" height=\"15\"><b><span style=\"color: #000000;\">Bank:<\/span><\/b><\/td>\n<td align=\"LEFT\" width=\"416\"><span style=\"color: #000000;\">Yap\u0131Kredi Bankas\u0131 &#8211; TL<\/span><\/td>\n<\/tr>\n<tr>\n<td align=\"LEFT\" height=\"15\"><b><span style=\"color: #000000;\">Account Name:\u00a0<\/span><\/b><\/td>\n<td align=\"LEFT\"><span style=\"color: #000000;\">MTM End\u00fcstriyel Su Ar\u0131tma ve Proje Uyg. Sist. San. Tic. Ltd. \u015eti.<\/span><\/td>\n<\/tr>\n<tr>\n<td align=\"LEFT\" height=\"15\"><b><span style=\"color: #000000;\">Branch:<\/span><\/b><\/td>\n<td align=\"LEFT\"><span style=\"color: #000000;\">842 &#8211; Avc\u0131lar<\/span><\/td>\n<\/tr>\n<tr>\n<td align=\"LEFT\" height=\"15\"><b><span style=\"color: #000000;\">Account No:<\/span><\/b><\/td>\n<td align=\"LEFT\"><span style=\"color: #000000;\">44563551<\/span><\/td>\n<\/tr>\n<tr>\n<td align=\"LEFT\" height=\"15\"><b><span style=\"color: #000000;\">IBAN No:<\/span><\/b><\/td>\n<td align=\"LEFT\"><span style=\"color: #000000;\">TR86-0006-7010-0000-0044-5635-51<\/span><\/td>\n<\/tr>\n<\/tbody>\n<\/table>\n\n\t\t<\/div>\n\t<\/div>\n<\/div><\/div><\/div><\/div>\r\n\r\n\r\n<!-- ThemeMount custom CSS - Start -->\r\n\r\n\r\n\r\n<!-- Patch: This is to remove the closing <\/p> tag which appear dynamically -->\r\n<div class=\"tm-last-div-in-row\"><\/div>\r\n<div class=\"vc_row wpb_row vc_row-fluid tm-row-textcolor-default tm-row-bgtype-default tm-custom-92290\"><div class=\"tm-bg-overlay\"><\/div><!-- ThemeMount custom DIV added --><div class=\"wpb_column vc_column_container vc_col-sm-4 \"><div class=\"vc_column-inner \"><div class=\"wpb_wrapper\">\n\t<div  class=\"wpb_single_image wpb_content_element vc_align_left\">\n\t\t\n\t\t<figure class=\"wpb_wrapper vc_figure\">\n\t\t\t<div class=\"vc_single_image-wrapper   vc_box_border_grey\"><img width=\"286\" height=\"145\" src=\"https:\/\/www.mtmsuaritma.com.tr\/wp-content\/uploads\/2019\/01\/ziraat-bankasi.png\" class=\"vc_single_image-img attachment-full\" alt=\"\" loading=\"lazy\" data-id=\"816\" \/><\/div>\n\t\t<\/figure>\n\t<\/div>\n<\/div><\/div><\/div><div class=\"wpb_column vc_column_container vc_col-sm-8 \"><div class=\"vc_column-inner \"><div class=\"wpb_wrapper\">\n\t<div class=\"wpb_text_column wpb_content_element \" >\n\t\t<div class=\"wpb_wrapper\">\n\t\t\t<table border=\"0\" frame=\"VOID\" rules=\"NONE\" cellspacing=\"0\">\n<colgroup>\n<col width=\"86\" \/>\n<col width=\"416\" \/><\/colgroup>\n<tbody>\n<tr>\n<td align=\"LEFT\" width=\"86\" height=\"15\"><b><span style=\"color: #000000;\">Bank:<\/span><\/b><\/td>\n<td align=\"LEFT\" width=\"416\"><span style=\"color: #000000;\">Ziraart Bankas\u0131 &#8211; TL<\/span><\/td>\n<\/tr>\n<tr>\n<td align=\"LEFT\" height=\"15\"><b><span style=\"color: #000000;\">Account Name:\u00a0<\/span><\/b><\/td>\n<td align=\"LEFT\"><span style=\"color: #000000;\">MTM End\u00fcstriyel Su Ar\u0131tma ve Proje Uyg. Sist. San. Tic. Ltd. \u015eti.<\/span><\/td>\n<\/tr>\n<tr>\n<td align=\"LEFT\" height=\"15\"><b><span style=\"color: #000000;\">Branch:<\/span><\/b><\/td>\n<td align=\"LEFT\"><span style=\"color: #000000;\">2557 \u2013 Avc\u0131lar E5<\/span><\/td>\n<\/tr>\n<tr>\n<td align=\"LEFT\" height=\"15\"><b><span style=\"color: #000000;\">Account No:<\/span><\/b><\/td>\n<td align=\"LEFT\"><span style=\"color: #000000;\">77851724 &#8211; 5001<\/span><\/td>\n<\/tr>\n<tr>\n<td align=\"LEFT\" height=\"15\"><b><span style=\"color: #000000;\">IBAN No:<\/span><\/b><\/td>\n<td align=\"LEFT\"><span style=\"color: #000000;\">TR02-0001-0025-5777-8517-2450-01<\/span><\/td>\n<\/tr>\n<\/tbody>\n<\/table>\n\n\t\t<\/div>\n\t<\/div>\n<\/div><\/div><\/div><\/div>\r\n\r\n\r\n<!-- ThemeMount custom CSS - Start -->\r\n\r\n\r\n\r\n<!-- Patch: This is to remove the closing <\/p> tag which appear dynamically -->\r\n<div class=\"tm-last-div-in-row\"><\/div>\r\n<div class=\"vc_row wpb_row vc_row-fluid tm-row-textcolor-default tm-row-bgtype-default tm-custom-55710\"><div class=\"tm-bg-overlay\"><\/div><!-- ThemeMount custom DIV added --><div class=\"wpb_column vc_column_container vc_col-sm-4 \"><div class=\"vc_column-inner \"><div class=\"wpb_wrapper\">\n\t<div  class=\"wpb_single_image wpb_content_element vc_align_left\">\n\t\t\n\t\t<figure class=\"wpb_wrapper vc_figure\">\n\t\t\t<div class=\"vc_single_image-wrapper   vc_box_border_grey\"><img width=\"286\" height=\"145\" src=\"https:\/\/www.mtmsuaritma.com.tr\/wp-content\/uploads\/2019\/01\/teb-bank-logo.png\" class=\"vc_single_image-img attachment-full\" alt=\"\" loading=\"lazy\" data-id=\"848\" \/><\/div>\n\t\t<\/figure>\n\t<\/div>\n<\/div><\/div><\/div><div class=\"wpb_column vc_column_container vc_col-sm-8 \"><div class=\"vc_column-inner \"><div class=\"wpb_wrapper\">\n\t<div class=\"wpb_text_column wpb_content_element \" >\n\t\t<div class=\"wpb_wrapper\">\n\t\t\t<table border=\"0\" frame=\"VOID\" rules=\"NONE\" cellspacing=\"0\">\n<colgroup>\n<col width=\"86\" \/>\n<col width=\"416\" \/><\/colgroup>\n<tbody>\n<tr>\n<td align=\"LEFT\" width=\"86\" height=\"15\"><b><span style=\"color: #000000;\">Bank:<\/span><\/b><\/td>\n<td align=\"LEFT\" width=\"416\"><span style=\"color: #000000;\">TEB Bankas\u0131 &#8211; TL<\/span><\/td>\n<\/tr>\n<tr>\n<td align=\"LEFT\" height=\"15\"><b><span style=\"color: #000000;\">Account Name:\u00a0<\/span><\/b><\/td>\n<td align=\"LEFT\"><span style=\"color: #000000;\">MTM End\u00fcstriyel Su Ar\u0131tma ve Proje Uyg. Sist. San. Tic. Ltd. \u015eti.<\/span><\/td>\n<\/tr>\n<tr>\n<td align=\"LEFT\" height=\"15\"><b><span style=\"color: #000000;\">Branch:<\/span><\/b><\/td>\n<td align=\"LEFT\"><span style=\"color: #000000;\">597 \u2013 Avc\u0131lar E5<\/span><\/td>\n<\/tr>\n<tr>\n<td align=\"LEFT\" height=\"15\"><b><span style=\"color: #000000;\">Account No:<\/span><\/b><\/td>\n<td align=\"LEFT\"><span style=\"color: #000000;\">52467690<\/span><\/td>\n<\/tr>\n<tr>\n<td align=\"LEFT\" height=\"15\"><b><span style=\"color: #000000;\">IBAN No:<\/span><\/b><\/td>\n<td align=\"LEFT\"><span style=\"color: #000000;\">TR44-0003-2000-0000-0052-4676-90<\/span><\/td>\n<\/tr>\n<\/tbody>\n<\/table>\n\n\t\t<\/div>\n\t<\/div>\n<\/div><\/div><\/div><\/div>\r\n\r\n\r\n<!-- ThemeMount custom CSS - Start -->\r\n\r\n\r\n\r\n<!-- Patch: This is to remove the closing <\/p> tag which appear dynamically -->\r\n<div class=\"tm-last-div-in-row\"><\/div>\r\n<div class=\"vc_row wpb_row vc_row-fluid tm-row-textcolor-default tm-row-bgtype-default tm-custom-83261\"><div class=\"tm-bg-overlay\"><\/div><!-- ThemeMount custom DIV added --><div class=\"wpb_column vc_column_container vc_col-sm-4 \"><div class=\"vc_column-inner \"><div class=\"wpb_wrapper\">\n\t<div  class=\"wpb_single_image wpb_content_element vc_align_left\">\n\t\t\n\t\t<figure class=\"wpb_wrapper vc_figure\">\n\t\t\t<div class=\"vc_single_image-wrapper   vc_box_border_grey\"><img width=\"286\" height=\"145\" src=\"https:\/\/www.mtmsuaritma.com.tr\/wp-content\/uploads\/2019\/01\/ptt-bank.png\" class=\"vc_single_image-img attachment-full\" alt=\"\" loading=\"lazy\" data-id=\"840\" \/><\/div>\n\t\t<\/figure>\n\t<\/div>\n<\/div><\/div><\/div><div class=\"wpb_column vc_column_container vc_col-sm-8 \"><div class=\"vc_column-inner \"><div class=\"wpb_wrapper\">\n\t<div class=\"wpb_text_column wpb_content_element \" >\n\t\t<div class=\"wpb_wrapper\">\n\t\t\t<table border=\"0\" frame=\"VOID\" rules=\"NONE\" cellspacing=\"0\">\n<colgroup>\n<col width=\"86\" \/>\n<col width=\"416\" \/><\/colgroup>\n<tbody>\n<tr>\n<td align=\"LEFT\" width=\"86\" height=\"15\"><\/td>\n<td align=\"LEFT\" width=\"416\"><span style=\"color: #000000;\">PTT Bank<\/span><\/td>\n<\/tr>\n<tr>\n<td align=\"LEFT\" height=\"15\"><b><span style=\"color: #000000;\">Account Name:\u00a0<\/span><\/b><\/td>\n<td align=\"LEFT\">Mihriban\u00a0 Meltem TUTMAZ<\/td>\n<\/tr>\n<tr>\n<td align=\"LEFT\" height=\"15\"><b><span style=\"color: #000000;\">Account No:<\/span><\/b><\/td>\n<td align=\"LEFT\"><span style=\"color: #000000;\">08862479<\/span><\/td>\n<\/tr>\n<tr>\n<td align=\"LEFT\" height=\"15\"><b><span style=\"color: #000000;\">Costumer No:<\/span><\/b><\/td>\n<td align=\"LEFT\"><span style=\"color: #000000;\">01404942993<\/span><\/td>\n<\/tr>\n<\/tbody>\n<\/table>\n\n\t\t<\/div>\n\t<\/div>\n<\/div><\/div><\/div><\/div>\r\n\r\n\r\n<!-- ThemeMount custom CSS - Start -->\r\n\r\n\r\n\r\n<!-- Patch: This is to remove the closing <\/p> tag which appear dynamically -->\r\n<div class=\"tm-last-div-in-row\"><\/div>\n","protected":false},"excerpt":{"rendered":"Bank: Garanti Bankas\u0131 - TL Account Name:\u00a0 MTM End\u00fcstriyel Su Ar\u0131tma ve Proje Uyg. Sist. San. Tic. Ltd. \u015eti. Branch: 1528\u00a0 - Avc\u0131lar E5 Account No: 6299668 IBAN No: TR25-0006-2001-5280-0006-2996-68 Bank: Yap\u0131Kredi Bankas\u0131 - TL Account Name:\u00a0 MTM End\u00fcstriyel Su Ar\u0131tma ve Proje Uyg. Sist. San. Tic. Ltd. \u015eti. Branch: 842 - Avc\u0131lar Account No: [...]","protected":false},"author":1,"featured_media":0,"parent":0,"menu_order":7,"comment_status":"closed","ping_status":"closed","template":"","meta":[],"yoast_head":"<!-- This site is optimized with the Yoast SEO plugin v19.2 - https:\/\/yoast.com\/wordpress\/plugins\/seo\/ -->\n<title>Bank Accounts - MTM Water Treatment Systems<\/title>\n<meta name=\"robots\" content=\"index, follow, max-snippet:-1, max-image-preview:large, max-video-preview:-1\" \/>\n<link rel=\"canonical\" href=\"https:\/\/www.mtmsuaritma.com.tr\/en\/bank-accounts\/\" \/>\n<meta property=\"og:locale\" content=\"en_US\" \/>\n<meta property=\"og:type\" content=\"article\" \/>\n<meta property=\"og:title\" content=\"Bank Accounts - MTM Water Treatment Systems\" \/>\n<meta property=\"og:url\" content=\"https:\/\/www.mtmsuaritma.com.tr\/en\/bank-accounts\/\" \/>\n<meta property=\"og:site_name\" content=\"MTM Water Treatment Systems\" \/>\n<meta property=\"article:modified_time\" content=\"2021-05-24T01:07:45+00:00\" \/>\n<meta name=\"author\" content=\"admin\" \/>\n<meta name=\"twitter:card\" content=\"summary_large_image\" \/>\n<meta name=\"twitter:label1\" content=\"Est. reading time\" \/>\n\t<meta name=\"twitter:data1\" content=\"1 minute\" \/>\n<script type=\"application\/ld+json\" class=\"yoast-schema-graph\">{\"@context\":\"https:\/\/schema.org\",\"@graph\":[{\"@type\":\"WebSite\",\"@id\":\"https:\/\/www.mtmsuaritma.com.tr\/#website\",\"url\":\"https:\/\/www.mtmsuaritma.com.tr\/\",\"name\":\"MTM Water Treatment Systems\",\"description\":\"MTM Industrial Water Treatment and Project Application Syst. Ind. Trade. Ltd. Co. \",\"potentialAction\":[{\"@type\":\"SearchAction\",\"target\":{\"@type\":\"EntryPoint\",\"urlTemplate\":\"https:\/\/www.mtmsuaritma.com.tr\/?s={search_term_string}\"},\"query-input\":\"required name=search_term_string\"}],\"inLanguage\":\"en-US\"},{\"@type\":\"WebPage\",\"@id\":\"https:\/\/www.mtmsuaritma.com.tr\/en\/bank-accounts\/#webpage\",\"url\":\"https:\/\/www.mtmsuaritma.com.tr\/en\/bank-accounts\/\",\"name\":\"Bank Accounts - MTM Water Treatment Systems\",\"isPartOf\":{\"@id\":\"https:\/\/www.mtmsuaritma.com.tr\/#website\"},\"datePublished\":\"2019-01-23T14:46:18+00:00\",\"dateModified\":\"2021-05-24T01:07:45+00:00\",\"breadcrumb\":{\"@id\":\"https:\/\/www.mtmsuaritma.com.tr\/en\/bank-accounts\/#breadcrumb\"},\"inLanguage\":\"en-US\",\"potentialAction\":[{\"@type\":\"ReadAction\",\"target\":[\"https:\/\/www.mtmsuaritma.com.tr\/en\/bank-accounts\/\"]}]},{\"@type\":\"BreadcrumbList\",\"@id\":\"https:\/\/www.mtmsuaritma.com.tr\/en\/bank-accounts\/#breadcrumb\",\"itemListElement\":[{\"@type\":\"ListItem\",\"position\":1,\"name\":\"Ana sayfa\",\"item\":\"https:\/\/www.mtmsuaritma.com.tr\/en\/\"},{\"@type\":\"ListItem\",\"position\":2,\"name\":\"Bank Accounts\"}]}]}<\/script>\n<!-- \/ Yoast SEO plugin. -->","yoast_head_json":{"title":"Bank Accounts - MTM Water Treatment Systems","robots":{"index":"index","follow":"follow","max-snippet":"max-snippet:-1","max-image-preview":"max-image-preview:large","max-video-preview":"max-video-preview:-1"},"canonical":"https:\/\/www.mtmsuaritma.com.tr\/en\/bank-accounts\/","og_locale":"en_US","og_type":"article","og_title":"Bank Accounts - MTM Water Treatment Systems","og_url":"https:\/\/www.mtmsuaritma.com.tr\/en\/bank-accounts\/","og_site_name":"MTM Water Treatment Systems","article_modified_time":"2021-05-24T01:07:45+00:00","author":"admin","twitter_card":"summary_large_image","twitter_misc":{"Est. reading time":"1 minute"},"schema":{"@context":"https:\/\/schema.org","@graph":[{"@type":"WebSite","@id":"https:\/\/www.mtmsuaritma.com.tr\/#website","url":"https:\/\/www.mtmsuaritma.com.tr\/","name":"MTM Water Treatment Systems","description":"MTM Industrial Water Treatment and Project Application Syst. Ind. Trade. Ltd. Co. ","potentialAction":[{"@type":"SearchAction","target":{"@type":"EntryPoint","urlTemplate":"https:\/\/www.mtmsuaritma.com.tr\/?s={search_term_string}"},"query-input":"required name=search_term_string"}],"inLanguage":"en-US"},{"@type":"WebPage","@id":"https:\/\/www.mtmsuaritma.com.tr\/en\/bank-accounts\/#webpage","url":"https:\/\/www.mtmsuaritma.com.tr\/en\/bank-accounts\/","name":"Bank Accounts - MTM Water Treatment Systems","isPartOf":{"@id":"https:\/\/www.mtmsuaritma.com.tr\/#website"},"datePublished":"2019-01-23T14:46:18+00:00","dateModified":"2021-05-24T01:07:45+00:00","breadcrumb":{"@id":"https:\/\/www.mtmsuaritma.com.tr\/en\/bank-accounts\/#breadcrumb"},"inLanguage":"en-US","potentialAction":[{"@type":"ReadAction","target":["https:\/\/www.mtmsuaritma.com.tr\/en\/bank-accounts\/"]}]},{"@type":"BreadcrumbList","@id":"https:\/\/www.mtmsuaritma.com.tr\/en\/bank-accounts\/#breadcrumb","itemListElement":[{"@type":"ListItem","position":1,"name":"Ana sayfa","item":"https:\/\/www.mtmsuaritma.com.tr\/en\/"},{"@type":"ListItem","position":2,"name":"Bank Accounts"}]}]}},"_links":{"self":[{"href":"https:\/\/www.mtmsuaritma.com.tr\/en\/wp-json\/wp\/v2\/pages\/1005"}],"collection":[{"href":"https:\/\/www.mtmsuaritma.com.tr\/en\/wp-json\/wp\/v2\/pages"}],"about":[{"href":"https:\/\/www.mtmsuaritma.com.tr\/en\/wp-json\/wp\/v2\/types\/page"}],"author":[{"embeddable":true,"href":"https:\/\/www.mtmsuaritma.com.tr\/en\/wp-json\/wp\/v2\/users\/1"}],"replies":[{"embeddable":true,"href":"https:\/\/www.mtmsuaritma.com.tr\/en\/wp-json\/wp\/v2\/comments?post=1005"}],"version-history":[{"count":0,"href":"https:\/\/www.mtmsuaritma.com.tr\/en\/wp-json\/wp\/v2\/pages\/1005\/revisions"}],"wp:attachment":[{"href":"https:\/\/www.mtmsuaritma.com.tr\/en\/wp-json\/wp\/v2\/media?parent=1005"}],"curies":[{"name":"wp","href":"https:\/\/api.w.org\/{rel}","templated":true}]}}